{"id":21,"date":"2015-01-10T14:18:03","date_gmt":"2015-01-10T14:18:03","guid":{"rendered":"http:\/\/monitoramento.spmj.com.br\/avianca\/?page_id=21"},"modified":"2017-03-08T12:29:20","modified_gmt":"2017-03-08T15:29:20","slug":"indice","status":"publish","type":"page","link":"https:\/\/monitoramento.spmj.com.br\/noticias\/","title":{"rendered":"\u00cdndice cronol\u00f3gico de not\u00edcias"},"content":{"rendered":"<ul class=\"lcp_catlist\"><li><lcp_post><a href=\"https:\/\/monitoramento.spmj.com.br\/noticias\/2026\/05\/06\/pao-de-acucar-pcar3-reduz-divida-em-mais-de-r-2-bilhoes-e-ganha-folego-apos-acordo-com-credores\/\">P\u00e3o de A\u00e7\u00facar  (PCAR3) reduz d\u00edvida em mais de R$ 2 bilh\u00f5es e ganha f\u00f4lego ap\u00f3s acordo com credores<\/a><\/lcp_post><br\/> <span class=\"data\">  06\/05\/2026 - <\/span><span class=\"lcp-customfield\">Gazeta Mercantil <\/span><br\/> <span class=\"lcp_excerpt\">O Grupo P\u00e3o de A\u00e7\u00facar (GPA) (PCAR3) concluiu a renegocia\u00e7\u00e3o de sua d\u00edvida com credores no \u00e2mbito da recupera\u00e7\u00e3o extrajudicial, em um movimento que reduz a press\u00e3o financeira no curto prazo e reorganiza parte relevante da estrutura de capital da companhia. O acordo envolve cerca de R$ 4,6 bilh\u00f5es em passivos e deve levar a\u00a0d\u00edvida do P\u00e3o de A\u00e7\u00facar\u00a0a um patamar pr\u00f3ximo de R$ 2,1 bilh\u00f5es, segundo estimativas da empresa.<\/span><\/li><li><lcp_post><a href=\"https:\/\/monitoramento.spmj.com.br\/noticias\/2026\/05\/06\/magalu-mira-50-de-liderancas-femininas-ate-2030-e-lanca-evento-focado-em-mulheres\/\">Magalu mira 50% de lideran\u00e7as femininas at\u00e9 2030 e lan\u00e7a evento focado em mulheres<\/a><\/lcp_post><br\/> <span class=\"data\">  06\/05\/2026 - <\/span><span class=\"lcp-customfield\">Mercado &amp; Consumo <\/span><br\/> <span class=\"lcp_excerpt\">O Magalu estabeleceu a meta de ter 50% de mulheres em altos\u00a0cargos na companhia\u00a0at\u00e9 2030, alinhada a outro projeto ambicioso: a primeira edi\u00e7\u00e3o do Summit Mulheres nas Profiss\u00f5es. Ambas as novidades foram anunciadas nesta ter\u00e7a-feira, 5, em coletiva por\u00a0Luiza Helena Trajano.<\/span><\/li><li><lcp_post><a href=\"https:\/\/monitoramento.spmj.com.br\/noticias\/2026\/05\/06\/squadra-atinge-5-da-multiplan-mult3\/\">Squadra atinge 5% da Multiplan (MULT3)<\/a><\/lcp_post><br\/> <span class=\"data\">  06\/05\/2026 - <\/span><span class=\"lcp-customfield\">Vis No Invest<\/span><br\/> <span class=\"lcp_excerpt\">Em 4 de maio de 2026, fundos e carteiras sob gest\u00e3o da Squadra Investimentos \u2013 Gest\u00e3o de Recursos Ltda. e da Squadra Investments \u2013 Gest\u00e3o de Recursos Ltda. atingiram participa\u00e7\u00e3o de 5,01% nas a\u00e7\u00f5es ordin\u00e1rias da Multiplan (MULT3), passando a deter 25.689.337 a\u00e7\u00f5es ON da companhia.<\/span><\/li><li><lcp_post><a href=\"https:\/\/monitoramento.spmj.com.br\/noticias\/2026\/05\/06\/iguatemi-igti11-tem-lucro-ajustado-de-r-2395-milhoes-no-1t26-alta-de-110\/\">Iguatemi (IGTI11) tem lucro ajustado de R$ 239,5 milh\u00f5es no 1T26, alta de 110%<\/a><\/lcp_post><br\/> <span class=\"data\">  06\/05\/2026 - <\/span><span class=\"lcp-customfield\">Investidor 10<\/span><br\/> <span class=\"lcp_excerpt\">A\u00a0Iguatemi (IGTI11)\u00a0registrou lucro l\u00edquido ajustado de R$ 239,5 milh\u00f5es no primeiro trimestre do ano (1T26), salto de +110% ante igual per\u00edodo de 2025, conforme resultados divulgados nesta ter\u00e7a-feira (5). Os n\u00fameros ajustados da companhia excluem efeito da lineariza\u00e7\u00e3o (swap de a\u00e7\u00f5es).<\/span><\/li><li><lcp_post><a href=\"https:\/\/monitoramento.spmj.com.br\/noticias\/2026\/05\/06\/iguatemi-lucra-r-2395-milhoes-no-1t26-impulsionada-por-venda-de-ativos-e-avanco-operacional\/\">Iguatemi lucra R$ 239,5 milh\u00f5es no 1T26, impulsionada por venda de ativos e avan\u00e7o operacional<\/a><\/lcp_post><br\/> <span class=\"data\">  06\/05\/2026 - <\/span><span class=\"lcp-customfield\">ADVFN<\/span><br\/> <span class=\"lcp_excerpt\">A Iguatemi S.A. (BOV:IGTI11) reportou um s\u00f3lido resultado trimestral nesta quarta-feira (06\/05), com lucro l\u00edquido ajustado de R$ 239,5 milh\u00f5es no primeiro trimestre de 2026, representando um avan\u00e7o expressivo de 110% na compara\u00e7\u00e3o anual. O desempenho foi impulsionado principalmente por um ganho de capital de R$ 144,5 milh\u00f5es com a venda de participa\u00e7\u00f5es minorit\u00e1rias em shoppings, al\u00e9m da evolu\u00e7\u00e3o consistente das receitas operacionais.<\/span><\/li><li><lcp_post><a href=\"https:\/\/monitoramento.spmj.com.br\/noticias\/2026\/05\/06\/super-muffato-lanca-campanha-de-selos-com-colecao-de-facas-masterchef\/\">Super Muffato lan\u00e7a campanha de selos com cole\u00e7\u00e3o de facas MasterChef<\/a><\/lcp_post><br\/> <span class=\"data\">  06\/05\/2026 - <\/span><span class=\"lcp-customfield\">A Rede<\/span><br\/> <span class=\"lcp_excerpt\">O\u00a0super Muffato\u00a0lan\u00e7a neste m\u00eas de maio a nova campanha de selos promocionais, que h\u00e1 sete anos consecutivos celebra a fideliza\u00e7\u00e3o junto aos\u00a0clientes ClubeFato. Inspirada no universo dos chefes de cozinha, em que t\u00e9cnica e criatividade transformam o ato de cozinhar em experi\u00eancia gastron\u00f4mica, o\u00a0Super Muffato\u00a0retoma a campanha de um jogo completo de facas. E desta vez com um diferencial: uma cole\u00e7\u00e3o de facas importadas da linha\u00a0MasterChef, que v\u00e3o engrandecer os momentos especiais compartilhados na prepara\u00e7\u00e3o em fam\u00edlia e amigos, seja do churrasco, almo\u00e7os e jantares, e elevar at\u00e9 mesmo o preparo das refei\u00e7\u00f5es r\u00e1pidas do dia a dia.<\/span><\/li><li><lcp_post><a href=\"https:\/\/monitoramento.spmj.com.br\/noticias\/2026\/05\/06\/bistek-supermercados-resgata-tazos-colecionaveis-da-marvel-em-nova-promocao\/\">Bistek Supermercados resgata tazos colecion\u00e1veis da Marvel em nova promo\u00e7\u00e3o<\/a><\/lcp_post><br\/> <span class=\"data\">  06\/05\/2026 - <\/span><span class=\"lcp-customfield\">Ep Grupo <\/span><br\/> <span class=\"lcp_excerpt\">A rede de supermercados Bistek, de Santa Catarina e Rio Grande do Sul, lan\u00e7ou uma cole\u00e7\u00e3o de 72 tazos tem\u00e1ticos da Marvel para atrair colecionadores. Clientes do Clube Bistek ganham um tazo a cada R$ 50 em compras, em embalagens fechadas, durante a promo\u00e7\u00e3o que vai de 04\/05 at\u00e9 21\/06\/2026.<\/span><\/li><li><lcp_post><a href=\"https:\/\/monitoramento.spmj.com.br\/noticias\/2026\/05\/06\/bistek-supermercados-lanca-colecao-marvel-com-72-tazos-e-ativa-nostalgia-geek\/\">Bistek Supermercados lan\u00e7a cole\u00e7\u00e3o Marvel com 72 tazos e ativa nostalgia geek<\/a><\/lcp_post><br\/> <span class=\"data\">  06\/05\/2026 - <\/span><span class=\"lcp-customfield\">Portal G<\/span><br\/> <span class=\"lcp_excerpt\">A nostalgia dos tazos voltou ao radar com uma nova a\u00e7\u00e3o da rede Bistek Supermercados, que colocou no mercado uma cole\u00e7\u00e3o com 72 discos colecion\u00e1veis inspirados no universo da Marvel. A iniciativa acontece em lojas de Santa Catarina e Rio Grande do Sul e aposta no fator surpresa para engajar o p\u00fablico.<\/span><\/li><li><lcp_post><a href=\"https:\/\/monitoramento.spmj.com.br\/noticias\/2026\/05\/06\/allos-alos3-anuncia-transacoes-de-r-4976-mi-em-shoppings\/\">Allos (ALOS3) anuncia transa\u00e7\u00f5es de R$ 497,6 mi em shoppings<\/a><\/lcp_post><br\/> <span class=\"data\">  06\/05\/2026 - <\/span><span class=\"lcp-customfield\">Vis No Invest<\/span><br\/> <span class=\"lcp_excerpt\">A Allos (ALOS3) informou nesta ter\u00e7a-feira, 5 de maio de 2026, que firmou Memorandos de Entendimento para transa\u00e7\u00f5es de gest\u00e3o ativa de portf\u00f3lio, envolvendo a venda da participa\u00e7\u00e3o de 49% no Shopping Curitiba por R$ 193,7 mi, a poss\u00edvel aquisi\u00e7\u00e3o de participa\u00e7\u00e3o adicional no Amazonas Shopping por R$ 178,2 mi e uma permuta de ativos avaliada em R$ 105,7 mi.<\/span><\/li><li><lcp_post><a href=\"https:\/\/monitoramento.spmj.com.br\/noticias\/2026\/05\/06\/allos-alos3-movimenta-portfolio-e-fecha-acordos-com-shoppings-em-estrategia-de-reciclagem-de-capital\/\">Allos (ALOS3) movimenta portf\u00f3lio e fecha acordos com shoppings em estrat\u00e9gia de reciclagem de capital<\/a><\/lcp_post><br\/> <span class=\"data\">  06\/05\/2026 - <\/span><span class=\"lcp-customfield\">Guia do Investidor <\/span><br\/> <span class=\"lcp_excerpt\">A\u00a0Allos\u00a0(ALOS3)\u00a0anunciou nesta ter\u00e7a-feira (5) uma\u00a0s\u00e9rie de acordos\u00a0envolvendo compra e venda de\u00a0participa\u00e7\u00f5es\u00a0em\u00a0shoppings. Al\u00e9m disso, as opera\u00e7\u00f5es fazem parte da estrat\u00e9gia de gest\u00e3o ativa de\u00a0portf\u00f3lio.<\/span><\/li><\/ul><ul class='lcp_paginator'><li class='lcp_currentpage'>1<\/li><li><a href='https:\/\/monitoramento.spmj.com.br\/noticias\/wp-json\/wp\/v2\/pages\/21?lcp_page1=2#lcp_instance_1' title='2'>2<\/a><\/li><li><a href='https:\/\/monitoramento.spmj.com.br\/noticias\/wp-json\/wp\/v2\/pages\/21?lcp_page1=3#lcp_instance_1' title='3'>3<\/a><\/li><li><a href='https:\/\/monitoramento.spmj.com.br\/noticias\/wp-json\/wp\/v2\/pages\/21?lcp_page1=4#lcp_instance_1' title='4'>4<\/a><\/li><li><a href='https:\/\/monitoramento.spmj.com.br\/noticias\/wp-json\/wp\/v2\/pages\/21?lcp_page1=5#lcp_instance_1' title='5'>5<\/a><\/li><li><a href='https:\/\/monitoramento.spmj.com.br\/noticias\/wp-json\/wp\/v2\/pages\/21?lcp_page1=6#lcp_instance_1' title='6'>6<\/a><\/li><span class='lcp_elipsis'>...<\/span><li><a href='https:\/\/monitoramento.spmj.com.br\/noticias\/wp-json\/wp\/v2\/pages\/21?lcp_page1=322#lcp_instance_1' title='322'>322<\/a><\/li><li><a href='https:\/\/monitoramento.spmj.com.br\/noticias\/wp-json\/wp\/v2\/pages\/21?lcp_page1=2#lcp_instance_1' title='2' class='lcp_nextlink'>&gt;&gt;<\/a><\/li><\/ul>\n","protected":false},"excerpt":{"rendered":"","protected":false},"author":1,"featured_media":0,"parent":0,"menu_order":0,"comment_status":"closed","ping_status":"closed","template":"","meta":{"_acf_changed":false,"footnotes":""},"class_list":["post-21","page","type-page","status-publish","hentry"],"acf":[],"_links":{"self":[{"href":"https:\/\/monitoramento.spmj.com.br\/noticias\/wp-json\/wp\/v2\/pages\/21","targetHints":{"allow":["GET"]}}],"collection":[{"href":"https:\/\/monitoramento.spmj.com.br\/noticias\/wp-json\/wp\/v2\/pages"}],"about":[{"href":"https:\/\/monitoramento.spmj.com.br\/noticias\/wp-json\/wp\/v2\/types\/page"}],"author":[{"embeddable":true,"href":"https:\/\/monitoramento.spmj.com.br\/noticias\/wp-json\/wp\/v2\/users\/1"}],"replies":[{"embeddable":true,"href":"https:\/\/monitoramento.spmj.com.br\/noticias\/wp-json\/wp\/v2\/comments?post=21"}],"version-history":[{"count":5,"href":"https:\/\/monitoramento.spmj.com.br\/noticias\/wp-json\/wp\/v2\/pages\/21\/revisions"}],"predecessor-version":[{"id":8476,"href":"https:\/\/monitoramento.spmj.com.br\/noticias\/wp-json\/wp\/v2\/pages\/21\/revisions\/8476"}],"wp:attachment":[{"href":"https:\/\/monitoramento.spmj.com.br\/noticias\/wp-json\/wp\/v2\/media?parent=21"}],"curies":[{"name":"wp","href":"https:\/\/api.w.org\/{rel}","templated":true}]}}